{"id":2107,"date":"2023-11-28T16:25:01","date_gmt":"2023-11-28T21:25:01","guid":{"rendered":"https:\/\/regiontourscolombia.com\/?page_id=2107"},"modified":"2024-02-26T15:35:17","modified_gmt":"2024-02-26T20:35:17","slug":"transfer-aereopuertos","status":"publish","type":"page","link":"https:\/\/regiontourscolombia.com\/en\/transfer-aereopuertos\/","title":{"rendered":"Transfer Aeropuertos"},"content":{"rendered":"<div data-elementor-type=\"wp-page\" data-elementor-id=\"2107\" class=\"elementor elementor-2107\" data-elementor-post-type=\"page\">\n\t\t\t\t\t\t<section class=\"elementor-section elementor-top-section elementor-element elementor-element-4fece62 elementor-section-full_width elementor-section-height-default elementor-section-height-default\" data-id=\"4fece62\" data-element_type=\"section\" data-settings=\"{&quot;background_background&quot;:&quot;classic&quot;}\">\n\t\t\t\t\t\t\t<div class=\"elementor-background-overlay\"><\/div>\n\t\t\t\t\t\t\t<div class=\"elementor-container elementor-column-gap-default\">\n\t\t\t\t\t<div class=\"elementor-column elementor-col-100 elementor-top-column elementor-element elementor-element-ab7773f\" data-id=\"ab7773f\" data-element_type=\"column\">\n\t\t\t<div class=\"elementor-widget-wrap elementor-element-populated\">\n\t\t\t\t\t\t<div class=\"elementor-element elementor-element-8fb1228 elementor-widget elementor-widget-heading\" data-id=\"8fb1228\" data-element_type=\"widget\" data-widget_type=\"heading.default\">\n\t\t\t\t<div class=\"elementor-widget-container\">\n\t\t\t\t\t<h1 class=\"elementor-heading-title elementor-size-default\">Transfer Aeropuertos <\/h1>\t\t\t\t<\/div>\n\t\t\t\t<\/div>\n\t\t\t\t<div class=\"elementor-element elementor-element-a3f5cd6 elementor-widget elementor-widget-text-editor\" data-id=\"a3f5cd6\" data-element_type=\"widget\" data-widget_type=\"text-editor.default\">\n\t\t\t\t<div class=\"elementor-widget-container\">\n\t\t\t\t\t\t\t\t\t<p><strong>Nos encargamos de hacer que tu llegada o despedida sea lo m\u00e1s c\u00f3moda, r\u00e1pida y segura con nuestros veh\u00edculos privados<\/strong><\/p>\t\t\t\t\t\t\t\t<\/div>\n\t\t\t\t<\/div>\n\t\t\t\t\t<\/div>\n\t\t<\/div>\n\t\t\t\t\t<\/div>\n\t\t<\/section>\n\t\t\t\t<section class=\"elementor-section elementor-top-section elementor-element elementor-element-ce0158f elementor-reverse-mobile elementor-section-full_width elementor-section-height-default elementor-section-height-default\" data-id=\"ce0158f\" data-element_type=\"section\">\n\t\t\t\t\t\t<div class=\"elementor-container elementor-column-gap-wide\">\n\t\t\t\t\t<div class=\"elementor-column elementor-col-100 elementor-top-column elementor-element elementor-element-3d8fd8b\" data-id=\"3d8fd8b\" data-element_type=\"column\">\n\t\t\t<div class=\"elementor-widget-wrap elementor-element-populated\">\n\t\t\t\t\t\t<section class=\"elementor-section elementor-inner-section elementor-element elementor-element-603b12f elementor-section-full_width elementor-section-height-default elementor-section-height-default\" data-id=\"603b12f\" data-element_type=\"section\">\n\t\t\t\t\t\t<div class=\"elementor-container elementor-column-gap-narrow\">\n\t\t\t\t\t<div class=\"elementor-column elementor-col-33 elementor-inner-column elementor-element elementor-element-c4a0c50\" data-id=\"c4a0c50\" data-element_type=\"column\">\n\t\t\t<div class=\"elementor-widget-wrap elementor-element-populated\">\n\t\t\t\t\t\t<div class=\"elementor-element elementor-element-5bc88df elementor-cta--skin-cover elementor-animated-content elementor-bg-transform elementor-bg-transform-zoom-in elementor-widget elementor-widget-call-to-action\" data-id=\"5bc88df\" data-element_type=\"widget\" data-widget_type=\"call-to-action.default\">\n\t\t\t\t<div class=\"elementor-widget-container\">\n\t\t\t\t\t\t\t<a class=\"elementor-cta\" href=\"https:\/\/regiontourscolombia.com\/en\/product\/transfer-aeropuerto-santa-marta\/\">\n\t\t\t\t\t<div class=\"elementor-cta__bg-wrapper\">\n\t\t\t\t<div class=\"elementor-cta__bg elementor-bg\" style=\"background-image: url(https:\/\/regiontourscolombia.com\/wp-content\/uploads\/2023\/11\/1.jpg);\" role=\"img\" aria-label=\"1\"><\/div>\n\t\t\t\t<div class=\"elementor-cta__bg-overlay\"><\/div>\n\t\t\t<\/div>\n\t\t\t\t\t\t\t<div class=\"elementor-cta__content\">\n\t\t\t\t\n\t\t\t\t\t\t\t\t\t<h4 class=\"elementor-cta__title elementor-cta__content-item elementor-content-item elementor-animated-item--grow\">\n\t\t\t\t\t\tTransfer Aeropuerto Santa Marta\t\t\t\t\t<\/h4>\n\t\t\t\t\n\t\t\t\t\n\t\t\t\t\t\t\t<\/div>\n\t\t\t\t\t\t<\/a>\n\t\t\t\t\t\t<\/div>\n\t\t\t\t<\/div>\n\t\t\t\t\t<\/div>\n\t\t<\/div>\n\t\t\t\t<div class=\"elementor-column elementor-col-33 elementor-inner-column elementor-element elementor-element-565fa79\" data-id=\"565fa79\" data-element_type=\"column\">\n\t\t\t<div class=\"elementor-widget-wrap elementor-element-populated\">\n\t\t\t\t\t\t<div class=\"elementor-element elementor-element-2c6c9c4 elementor-cta--skin-cover elementor-animated-content elementor-bg-transform elementor-bg-transform-zoom-in elementor-widget elementor-widget-call-to-action\" data-id=\"2c6c9c4\" data-element_type=\"widget\" data-widget_type=\"call-to-action.default\">\n\t\t\t\t<div class=\"elementor-widget-container\">\n\t\t\t\t\t\t\t<a class=\"elementor-cta\" href=\"https:\/\/regiontourscolombia.com\/en\/product\/transfer-aeropuerto-barranquilla-desde-y-hacia-santa-marta\/\">\n\t\t\t\t\t<div class=\"elementor-cta__bg-wrapper\">\n\t\t\t\t<div class=\"elementor-cta__bg elementor-bg\" style=\"background-image: url(https:\/\/regiontourscolombia.com\/wp-content\/uploads\/2023\/11\/3.jpg);\" role=\"img\" aria-label=\"3\"><\/div>\n\t\t\t\t<div class=\"elementor-cta__bg-overlay\"><\/div>\n\t\t\t<\/div>\n\t\t\t\t\t\t\t<div class=\"elementor-cta__content\">\n\t\t\t\t\n\t\t\t\t\t\t\t\t\t<h4 class=\"elementor-cta__title elementor-cta__content-item elementor-content-item elementor-animated-item--grow\">\n\t\t\t\t\t\tTransfer Aeropuerto Barranquilla \t\t\t\t\t<\/h4>\n\t\t\t\t\n\t\t\t\t\t\t\t\t\t<div class=\"elementor-cta__description elementor-cta__content-item elementor-content-item elementor-animated-item--grow\">\n\t\t\t\t\t\tDesde y hacia Santa Marta\t\t\t\t\t<\/div>\n\t\t\t\t\n\t\t\t\t\t\t\t<\/div>\n\t\t\t\t\t\t<\/a>\n\t\t\t\t\t\t<\/div>\n\t\t\t\t<\/div>\n\t\t\t\t\t<\/div>\n\t\t<\/div>\n\t\t\t\t<div class=\"elementor-column elementor-col-33 elementor-inner-column elementor-element elementor-element-a7b335b\" data-id=\"a7b335b\" data-element_type=\"column\">\n\t\t\t<div class=\"elementor-widget-wrap elementor-element-populated\">\n\t\t\t\t\t\t<div class=\"elementor-element elementor-element-d63c46b elementor-cta--skin-cover elementor-animated-content elementor-bg-transform elementor-bg-transform-zoom-in elementor-widget elementor-widget-call-to-action\" data-id=\"d63c46b\" data-element_type=\"widget\" data-widget_type=\"call-to-action.default\">\n\t\t\t\t<div class=\"elementor-widget-container\">\n\t\t\t\t\t\t\t<a class=\"elementor-cta\" href=\"https:\/\/regiontourscolombia.com\/en\/product\/transfer-aeropuerto-cartagena-desde-y-hacia-santa-marta\/\">\n\t\t\t\t\t<div class=\"elementor-cta__bg-wrapper\">\n\t\t\t\t<div class=\"elementor-cta__bg elementor-bg\" style=\"background-image: url(https:\/\/regiontourscolombia.com\/wp-content\/uploads\/2023\/11\/4.jpg);\" role=\"img\" aria-label=\"4\"><\/div>\n\t\t\t\t<div class=\"elementor-cta__bg-overlay\"><\/div>\n\t\t\t<\/div>\n\t\t\t\t\t\t\t<div class=\"elementor-cta__content\">\n\t\t\t\t\n\t\t\t\t\t\t\t\t\t<h4 class=\"elementor-cta__title elementor-cta__content-item elementor-content-item elementor-animated-item--grow\">\n\t\t\t\t\t\tTransfer Aeropuerto Cartagena\t\t\t\t\t<\/h4>\n\t\t\t\t\n\t\t\t\t\t\t\t\t\t<div class=\"elementor-cta__description elementor-cta__content-item elementor-content-item elementor-animated-item--grow\">\n\t\t\t\t\t\tDesde y hacia Santa Marta\t\t\t\t\t<\/div>\n\t\t\t\t\n\t\t\t\t\t\t\t<\/div>\n\t\t\t\t\t\t<\/a>\n\t\t\t\t\t\t<\/div>\n\t\t\t\t<\/div>\n\t\t\t\t\t<\/div>\n\t\t<\/div>\n\t\t\t\t\t<\/div>\n\t\t<\/section>\n\t\t\t\t<section class=\"elementor-section elementor-inner-section elementor-element elementor-element-251282a elementor-section-full_width elementor-section-height-default elementor-section-height-default\" data-id=\"251282a\" data-element_type=\"section\">\n\t\t\t\t\t\t<div class=\"elementor-container elementor-column-gap-narrow\">\n\t\t\t\t\t<div class=\"elementor-column elementor-col-33 elementor-inner-column elementor-element elementor-element-4c79532\" data-id=\"4c79532\" data-element_type=\"column\">\n\t\t\t<div class=\"elementor-widget-wrap elementor-element-populated\">\n\t\t\t\t\t\t<div class=\"elementor-element elementor-element-e77d762 elementor-cta--skin-cover elementor-animated-content elementor-bg-transform elementor-bg-transform-zoom-in elementor-widget elementor-widget-call-to-action\" data-id=\"e77d762\" data-element_type=\"widget\" data-widget_type=\"call-to-action.default\">\n\t\t\t\t<div class=\"elementor-widget-container\">\n\t\t\t\t\t\t\t<a class=\"elementor-cta\" href=\"https:\/\/regiontourscolombia.com\/en\/product\/transfer-aeropuerto-riohacha-desde-y-hacia-santa-marta\/\">\n\t\t\t\t\t<div class=\"elementor-cta__bg-wrapper\">\n\t\t\t\t<div class=\"elementor-cta__bg elementor-bg\" style=\"background-image: url(https:\/\/regiontourscolombia.com\/wp-content\/uploads\/2023\/11\/6.jpg);\" role=\"img\" aria-label=\"6\"><\/div>\n\t\t\t\t<div class=\"elementor-cta__bg-overlay\"><\/div>\n\t\t\t<\/div>\n\t\t\t\t\t\t\t<div class=\"elementor-cta__content\">\n\t\t\t\t\n\t\t\t\t\t\t\t\t\t<h4 class=\"elementor-cta__title elementor-cta__content-item elementor-content-item elementor-animated-item--grow\">\n\t\t\t\t\t\tTransfer Aeropuerto Riohacha\t\t\t\t\t<\/h4>\n\t\t\t\t\n\t\t\t\t\t\t\t\t\t<div class=\"elementor-cta__description elementor-cta__content-item elementor-content-item elementor-animated-item--grow\">\n\t\t\t\t\t\tDesde y hacia Santa Marta\t\t\t\t\t<\/div>\n\t\t\t\t\n\t\t\t\t\t\t\t<\/div>\n\t\t\t\t\t\t<\/a>\n\t\t\t\t\t\t<\/div>\n\t\t\t\t<\/div>\n\t\t\t\t\t<\/div>\n\t\t<\/div>\n\t\t\t\t<div class=\"elementor-column elementor-col-33 elementor-inner-column elementor-element elementor-element-5a39afe\" data-id=\"5a39afe\" data-element_type=\"column\">\n\t\t\t<div class=\"elementor-widget-wrap elementor-element-populated\">\n\t\t\t\t\t\t<div class=\"elementor-element elementor-element-e91270a elementor-cta--skin-cover elementor-animated-content elementor-bg-transform elementor-bg-transform-zoom-in elementor-widget elementor-widget-call-to-action\" data-id=\"e91270a\" data-element_type=\"widget\" data-widget_type=\"call-to-action.default\">\n\t\t\t\t<div class=\"elementor-widget-container\">\n\t\t\t\t\t\t\t<a class=\"elementor-cta\" href=\"https:\/\/regiontourscolombia.com\/en\/product\/transfer-aeropuerto-valledupar-desde-o-hacia-santa-marta\/\">\n\t\t\t\t\t<div class=\"elementor-cta__bg-wrapper\">\n\t\t\t\t<div class=\"elementor-cta__bg elementor-bg\" style=\"background-image: url(https:\/\/regiontourscolombia.com\/wp-content\/uploads\/2023\/11\/5.jpg);\" role=\"img\" aria-label=\"5\"><\/div>\n\t\t\t\t<div class=\"elementor-cta__bg-overlay\"><\/div>\n\t\t\t<\/div>\n\t\t\t\t\t\t\t<div class=\"elementor-cta__content\">\n\t\t\t\t\n\t\t\t\t\t\t\t\t\t<h4 class=\"elementor-cta__title elementor-cta__content-item elementor-content-item elementor-animated-item--grow\">\n\t\t\t\t\t\tTransfer Aeropuerto Valledupar\t\t\t\t\t<\/h4>\n\t\t\t\t\n\t\t\t\t\t\t\t\t\t<div class=\"elementor-cta__description elementor-cta__content-item elementor-content-item elementor-animated-item--grow\">\n\t\t\t\t\t\tDesde y hacia Santa Marta\t\t\t\t\t<\/div>\n\t\t\t\t\n\t\t\t\t\t\t\t<\/div>\n\t\t\t\t\t\t<\/a>\n\t\t\t\t\t\t<\/div>\n\t\t\t\t<\/div>\n\t\t\t\t\t<\/div>\n\t\t<\/div>\n\t\t\t\t<div class=\"elementor-column elementor-col-33 elementor-inner-column elementor-element elementor-element-249c992\" data-id=\"249c992\" data-element_type=\"column\">\n\t\t\t<div class=\"elementor-widget-wrap elementor-element-populated\">\n\t\t\t\t\t\t<div class=\"elementor-element elementor-element-c602e61 elementor-cta--skin-cover elementor-animated-content elementor-bg-transform elementor-bg-transform-zoom-in elementor-widget elementor-widget-call-to-action\" data-id=\"c602e61\" data-element_type=\"widget\" data-widget_type=\"call-to-action.default\">\n\t\t\t\t<div class=\"elementor-widget-container\">\n\t\t\t\t\t\t\t<a class=\"elementor-cta\" href=\"https:\/\/regiontourscolombia.com\/en\/product\/personaliza-tu-transfer\/\">\n\t\t\t\t\t<div class=\"elementor-cta__bg-wrapper\">\n\t\t\t\t<div class=\"elementor-cta__bg elementor-bg\" style=\"background-image: url(https:\/\/regiontourscolombia.com\/wp-content\/uploads\/2023\/11\/aventuras.jpg);\" role=\"img\" aria-label=\"aventuras\"><\/div>\n\t\t\t\t<div class=\"elementor-cta__bg-overlay\"><\/div>\n\t\t\t<\/div>\n\t\t\t\t\t\t\t<div class=\"elementor-cta__content\">\n\t\t\t\t\n\t\t\t\t\t\t\t\t\t<h4 class=\"elementor-cta__title elementor-cta__content-item elementor-content-item elementor-animated-item--grow\">\n\t\t\t\t\t\tPersonaliza tu transfer\t\t\t\t\t<\/h4>\n\t\t\t\t\n\t\t\t\t\t\t\t\t\t<div class=\"elementor-cta__description elementor-cta__content-item elementor-content-item elementor-animated-item--grow\">\n\t\t\t\t\t\tElige el destino que te gustar\u00eda visitar saliendo desde o hacia Santa Marta \t\t\t\t\t<\/div>\n\t\t\t\t\n\t\t\t\t\t\t\t<\/div>\n\t\t\t\t\t\t<\/a>\n\t\t\t\t\t\t<\/div>\n\t\t\t\t<\/div>\n\t\t\t\t\t<\/div>\n\t\t<\/div>\n\t\t\t\t\t<\/div>\n\t\t<\/section>\n\t\t\t\t\t<\/div>\n\t\t<\/div>\n\t\t\t\t\t<\/div>\n\t\t<\/section>\n\t\t\t\t<\/div>","protected":false},"excerpt":{"rendered":"<p>Transfer Aeropuertos Nos encargamos de hacer que tu llegada o despedida sea lo m\u00e1s c\u00f3moda, r\u00e1pida y segura con nuestros veh\u00edculos privados Transfer Aeropuerto Santa Marta Transfer Aeropuerto Barranquilla Desde y hacia Santa Marta Transfer Aeropuerto Cartagena Desde y hacia Santa Marta Transfer Aeropuerto Riohacha Desde y hacia Santa Marta Transfer Aeropuerto Valledupar Desde y [&hellip;]<\/p>","protected":false},"author":1,"featured_media":0,"parent":0,"menu_order":0,"comment_status":"closed","ping_status":"closed","template":"elementor_header_footer","meta":{"footnotes":""},"class_list":["post-2107","page","type-page","status-publish","hentry"],"yoast_head":"<!-- This site is optimized with the Yoast SEO plugin v26.7 - https:\/\/yoast.com\/wordpress\/plugins\/seo\/ -->\n<title>Transfer Aeropuertos - REGION TOURS<\/title>\n<meta name=\"robots\" content=\"index, follow, max-snippet:-1, max-image-preview:large, max-video-preview:-1\" \/>\n<link rel=\"canonical\" href=\"https:\/\/regiontourscolombia.com\/en\/transfer-aereopuertos\/\" \/>\n<meta property=\"og:locale\" content=\"en_US\" \/>\n<meta property=\"og:type\" content=\"article\" \/>\n<meta property=\"og:title\" content=\"Transfer Aeropuertos - REGION TOURS\" \/>\n<meta property=\"og:description\" content=\"Transfer Aeropuertos Nos encargamos de hacer que tu llegada o despedida sea lo m\u00e1s c\u00f3moda, r\u00e1pida y segura con nuestros veh\u00edculos privados Transfer Aeropuerto Santa Marta Transfer Aeropuerto Barranquilla Desde y hacia Santa Marta Transfer Aeropuerto Cartagena Desde y hacia Santa Marta Transfer Aeropuerto Riohacha Desde y hacia Santa Marta Transfer Aeropuerto Valledupar Desde y [&hellip;]\" \/>\n<meta property=\"og:url\" content=\"https:\/\/regiontourscolombia.com\/en\/transfer-aereopuertos\/\" \/>\n<meta property=\"og:site_name\" content=\"REGION TOURS\" \/>\n<meta property=\"article:modified_time\" content=\"2024-02-26T20:35:17+00:00\" \/>\n<meta name=\"twitter:card\" content=\"summary_large_image\" \/>\n<meta name=\"twitter:label1\" content=\"Est. reading time\" \/>\n\t<meta name=\"twitter:data1\" content=\"1 minute\" \/>\n<script type=\"application\/ld+json\" class=\"yoast-schema-graph\">{\"@context\":\"https:\/\/schema.org\",\"@graph\":[{\"@type\":\"WebPage\",\"@id\":\"https:\/\/regiontourscolombia.com\/transfer-aereopuertos\/\",\"url\":\"https:\/\/regiontourscolombia.com\/transfer-aereopuertos\/\",\"name\":\"Transfer Aeropuertos - REGION TOURS\",\"isPartOf\":{\"@id\":\"https:\/\/regiontourscolombia.com\/#website\"},\"datePublished\":\"2023-11-28T21:25:01+00:00\",\"dateModified\":\"2024-02-26T20:35:17+00:00\",\"breadcrumb\":{\"@id\":\"https:\/\/regiontourscolombia.com\/transfer-aereopuertos\/#breadcrumb\"},\"inLanguage\":\"en-US\",\"potentialAction\":[{\"@type\":\"ReadAction\",\"target\":[\"https:\/\/regiontourscolombia.com\/transfer-aereopuertos\/\"]}]},{\"@type\":\"BreadcrumbList\",\"@id\":\"https:\/\/regiontourscolombia.com\/transfer-aereopuertos\/#breadcrumb\",\"itemListElement\":[{\"@type\":\"ListItem\",\"position\":1,\"name\":\"Inicio\",\"item\":\"https:\/\/regiontourscolombia.com\/\"},{\"@type\":\"ListItem\",\"position\":2,\"name\":\"Transfer Aeropuertos\"}]},{\"@type\":\"WebSite\",\"@id\":\"https:\/\/regiontourscolombia.com\/#website\",\"url\":\"https:\/\/regiontourscolombia.com\/\",\"name\":\"REGION TOURS\",\"description\":\"\",\"publisher\":{\"@id\":\"https:\/\/regiontourscolombia.com\/#organization\"},\"potentialAction\":[{\"@type\":\"SearchAction\",\"target\":{\"@type\":\"EntryPoint\",\"urlTemplate\":\"https:\/\/regiontourscolombia.com\/?s={search_term_string}\"},\"query-input\":{\"@type\":\"PropertyValueSpecification\",\"valueRequired\":true,\"valueName\":\"search_term_string\"}}],\"inLanguage\":\"en-US\"},{\"@type\":\"Organization\",\"@id\":\"https:\/\/regiontourscolombia.com\/#organization\",\"name\":\"REGION TOURS\",\"url\":\"https:\/\/regiontourscolombia.com\/\",\"logo\":{\"@type\":\"ImageObject\",\"inLanguage\":\"en-US\",\"@id\":\"https:\/\/regiontourscolombia.com\/#\/schema\/logo\/image\/\",\"url\":\"https:\/\/regiontourscolombia.com\/wp-content\/uploads\/2023\/07\/cropped-logo-Region-tours.png\",\"contentUrl\":\"https:\/\/regiontourscolombia.com\/wp-content\/uploads\/2023\/07\/cropped-logo-Region-tours.png\",\"width\":717,\"height\":613,\"caption\":\"REGION TOURS\"},\"image\":{\"@id\":\"https:\/\/regiontourscolombia.com\/#\/schema\/logo\/image\/\"}}]}<\/script>\n<!-- \/ Yoast SEO plugin. -->","yoast_head_json":{"title":"Transfer Aeropuertos - REGION TOURS","robots":{"index":"index","follow":"follow","max-snippet":"max-snippet:-1","max-image-preview":"max-image-preview:large","max-video-preview":"max-video-preview:-1"},"canonical":"https:\/\/regiontourscolombia.com\/en\/transfer-aereopuertos\/","og_locale":"en_US","og_type":"article","og_title":"Transfer Aeropuertos - REGION TOURS","og_description":"Transfer Aeropuertos Nos encargamos de hacer que tu llegada o despedida sea lo m\u00e1s c\u00f3moda, r\u00e1pida y segura con nuestros veh\u00edculos privados Transfer Aeropuerto Santa Marta Transfer Aeropuerto Barranquilla Desde y hacia Santa Marta Transfer Aeropuerto Cartagena Desde y hacia Santa Marta Transfer Aeropuerto Riohacha Desde y hacia Santa Marta Transfer Aeropuerto Valledupar Desde y [&hellip;]","og_url":"https:\/\/regiontourscolombia.com\/en\/transfer-aereopuertos\/","og_site_name":"REGION TOURS","article_modified_time":"2024-02-26T20:35:17+00:00","twitter_card":"summary_large_image","twitter_misc":{"Est. reading time":"1 minute"},"schema":{"@context":"https:\/\/schema.org","@graph":[{"@type":"WebPage","@id":"https:\/\/regiontourscolombia.com\/transfer-aereopuertos\/","url":"https:\/\/regiontourscolombia.com\/transfer-aereopuertos\/","name":"Transfer Aeropuertos - REGION TOURS","isPartOf":{"@id":"https:\/\/regiontourscolombia.com\/#website"},"datePublished":"2023-11-28T21:25:01+00:00","dateModified":"2024-02-26T20:35:17+00:00","breadcrumb":{"@id":"https:\/\/regiontourscolombia.com\/transfer-aereopuertos\/#breadcrumb"},"inLanguage":"en-US","potentialAction":[{"@type":"ReadAction","target":["https:\/\/regiontourscolombia.com\/transfer-aereopuertos\/"]}]},{"@type":"BreadcrumbList","@id":"https:\/\/regiontourscolombia.com\/transfer-aereopuertos\/#breadcrumb","itemListElement":[{"@type":"ListItem","position":1,"name":"Inicio","item":"https:\/\/regiontourscolombia.com\/"},{"@type":"ListItem","position":2,"name":"Transfer Aeropuertos"}]},{"@type":"WebSite","@id":"https:\/\/regiontourscolombia.com\/#website","url":"https:\/\/regiontourscolombia.com\/","name":"REGION TOURS","description":"","publisher":{"@id":"https:\/\/regiontourscolombia.com\/#organization"},"potentialAction":[{"@type":"SearchAction","target":{"@type":"EntryPoint","urlTemplate":"https:\/\/regiontourscolombia.com\/?s={search_term_string}"},"query-input":{"@type":"PropertyValueSpecification","valueRequired":true,"valueName":"search_term_string"}}],"inLanguage":"en-US"},{"@type":"Organization","@id":"https:\/\/regiontourscolombia.com\/#organization","name":"REGION TOURS","url":"https:\/\/regiontourscolombia.com\/","logo":{"@type":"ImageObject","inLanguage":"en-US","@id":"https:\/\/regiontourscolombia.com\/#\/schema\/logo\/image\/","url":"https:\/\/regiontourscolombia.com\/wp-content\/uploads\/2023\/07\/cropped-logo-Region-tours.png","contentUrl":"https:\/\/regiontourscolombia.com\/wp-content\/uploads\/2023\/07\/cropped-logo-Region-tours.png","width":717,"height":613,"caption":"REGION TOURS"},"image":{"@id":"https:\/\/regiontourscolombia.com\/#\/schema\/logo\/image\/"}}]}},"_links":{"self":[{"href":"https:\/\/regiontourscolombia.com\/en\/wp-json\/wp\/v2\/pages\/2107","targetHints":{"allow":["GET"]}}],"collection":[{"href":"https:\/\/regiontourscolombia.com\/en\/wp-json\/wp\/v2\/pages"}],"about":[{"href":"https:\/\/regiontourscolombia.com\/en\/wp-json\/wp\/v2\/types\/page"}],"author":[{"embeddable":true,"href":"https:\/\/regiontourscolombia.com\/en\/wp-json\/wp\/v2\/users\/1"}],"replies":[{"embeddable":true,"href":"https:\/\/regiontourscolombia.com\/en\/wp-json\/wp\/v2\/comments?post=2107"}],"version-history":[{"count":59,"href":"https:\/\/regiontourscolombia.com\/en\/wp-json\/wp\/v2\/pages\/2107\/revisions"}],"predecessor-version":[{"id":3230,"href":"https:\/\/regiontourscolombia.com\/en\/wp-json\/wp\/v2\/pages\/2107\/revisions\/3230"}],"wp:attachment":[{"href":"https:\/\/regiontourscolombia.com\/en\/wp-json\/wp\/v2\/media?parent=2107"}],"curies":[{"name":"wp","href":"https:\/\/api.w.org\/{rel}","templated":true}]}}