{"id":2123,"date":"2023-11-28T16:45:08","date_gmt":"2023-11-28T21:45:08","guid":{"rendered":"https:\/\/regiontourscolombia.com\/?page_id=2123"},"modified":"2023-12-11T15:23:28","modified_gmt":"2023-12-11T20:23:28","slug":"guianza-profesional","status":"publish","type":"page","link":"https:\/\/regiontourscolombia.com\/en\/guianza-profesional\/","title":{"rendered":"Professional Guidance"},"content":{"rendered":"<div data-elementor-type=\"wp-page\" data-elementor-id=\"2123\" class=\"elementor elementor-2123\" data-elementor-post-type=\"page\">\n\t\t\t\t\t\t<section class=\"elementor-section elementor-top-section elementor-element elementor-element-027dfe8 elementor-section-full_width elementor-section-height-default elementor-section-height-default\" data-id=\"027dfe8\" data-element_type=\"section\" data-settings=\"{&quot;background_background&quot;:&quot;classic&quot;}\">\n\t\t\t\t\t\t\t<div class=\"elementor-background-overlay\"><\/div>\n\t\t\t\t\t\t\t<div class=\"elementor-container elementor-column-gap-default\">\n\t\t\t\t\t<div class=\"elementor-column elementor-col-100 elementor-top-column elementor-element elementor-element-6877336\" data-id=\"6877336\" data-element_type=\"column\">\n\t\t\t<div class=\"elementor-widget-wrap elementor-element-populated\">\n\t\t\t\t\t\t<div class=\"elementor-element elementor-element-9fe5e1e elementor-widget elementor-widget-heading\" data-id=\"9fe5e1e\" data-element_type=\"widget\" data-widget_type=\"heading.default\">\n\t\t\t\t<div class=\"elementor-widget-container\">\n\t\t\t\t\t<h1 class=\"elementor-heading-title elementor-size-default\">Professional Guidance<\/h1>\t\t\t\t<\/div>\n\t\t\t\t<\/div>\n\t\t\t\t<div class=\"elementor-element elementor-element-b898149 elementor-widget elementor-widget-text-editor\" data-id=\"b898149\" data-element_type=\"widget\" data-widget_type=\"text-editor.default\">\n\t\t\t\t<div class=\"elementor-widget-container\">\n\t\t\t\t\t\t\t\t\t<p>Lorem fistrum por la gloria de mi madre esse jarl aliqua llevame al sircoo.<br \/>De la pradera ullamco qu\u00e9 dise usteer est\u00e1 la cosa muy malar.<\/p>\t\t\t\t\t\t\t\t<\/div>\n\t\t\t\t<\/div>\n\t\t\t\t\t<\/div>\n\t\t<\/div>\n\t\t\t\t\t<\/div>\n\t\t<\/section>\n\t\t\t\t<section class=\"elementor-section elementor-top-section elementor-element elementor-element-cf6aac1 elementor-section-boxed elementor-section-height-default elementor-section-height-default\" data-id=\"cf6aac1\" data-element_type=\"section\">\n\t\t\t\t\t\t<div class=\"elementor-container elementor-column-gap-default\">\n\t\t\t\t\t<div class=\"elementor-column elementor-col-100 elementor-top-column elementor-element elementor-element-2854ae0\" data-id=\"2854ae0\" data-element_type=\"column\">\n\t\t\t<div class=\"elementor-widget-wrap elementor-element-populated\">\n\t\t\t\t\t\t<section class=\"elementor-section elementor-inner-section elementor-element elementor-element-cbd3045 elementor-section-boxed elementor-section-height-default elementor-section-height-default\" data-id=\"cbd3045\" data-element_type=\"section\">\n\t\t\t\t\t\t<div class=\"elementor-container elementor-column-gap-default\">\n\t\t\t\t\t<div class=\"elementor-column elementor-col-50 elementor-inner-column elementor-element elementor-element-79bced3\" data-id=\"79bced3\" data-element_type=\"column\">\n\t\t\t<div class=\"elementor-widget-wrap elementor-element-populated\">\n\t\t\t\t\t\t<div class=\"elementor-element elementor-element-1b6b880 elementor-widget elementor-widget-heading\" data-id=\"1b6b880\" data-element_type=\"widget\" data-widget_type=\"heading.default\">\n\t\t\t\t<div class=\"elementor-widget-container\">\n\t\t\t\t\t<h2 class=\"elementor-heading-title elementor-size-default\">Caracter\u00edsticas<\/h2>\t\t\t\t<\/div>\n\t\t\t\t<\/div>\n\t\t\t\t<div class=\"elementor-element elementor-element-fe94b1e elementor-position-left elementor-vertical-align-middle elementor-widget elementor-widget-image-box\" data-id=\"fe94b1e\" data-element_type=\"widget\" data-widget_type=\"image-box.default\">\n\t\t\t\t<div class=\"elementor-widget-container\">\n\t\t\t\t\t<div class=\"elementor-image-box-wrapper\"><figure class=\"elementor-image-box-img\"><img decoding=\"async\" width=\"182\" height=\"182\" src=\"https:\/\/regiontourscolombia.com\/wp-content\/uploads\/2023\/08\/Group-60.png\" class=\"attachment-full size-full wp-image-2022\" alt=\"\" srcset=\"https:\/\/regiontourscolombia.com\/wp-content\/uploads\/2023\/08\/Group-60.png 182w, https:\/\/regiontourscolombia.com\/wp-content\/uploads\/2023\/08\/Group-60-100x100.png 100w, https:\/\/regiontourscolombia.com\/wp-content\/uploads\/2023\/08\/Group-60-150x150.png 150w, https:\/\/regiontourscolombia.com\/wp-content\/uploads\/2023\/08\/Group-60-12x12.png 12w\" sizes=\"(max-width: 182px) 100vw, 182px\" \/><\/figure><div class=\"elementor-image-box-content\"><h3 class=\"elementor-image-box-title\">Professional Guidance<\/h3><\/div><\/div>\t\t\t\t<\/div>\n\t\t\t\t<\/div>\n\t\t\t\t<div class=\"elementor-element elementor-element-b152e81 elementor-widget elementor-widget-heading\" data-id=\"b152e81\" data-element_type=\"widget\" data-widget_type=\"heading.default\">\n\t\t\t\t<div class=\"elementor-widget-container\">\n\t\t\t\t\t<h3 class=\"elementor-heading-title elementor-size-default\">Descripci\u00f3n<\/h3>\t\t\t\t<\/div>\n\t\t\t\t<\/div>\n\t\t\t\t<div class=\"elementor-element elementor-element-fed6031 elementor-widget elementor-widget-text-editor\" data-id=\"fed6031\" data-element_type=\"widget\" data-widget_type=\"text-editor.default\">\n\t\t\t\t<div class=\"elementor-widget-container\">\n\t\t\t\t\t\t\t\t\t<p>Lorem ipsum dolor sit amet, consectetur adipiscing elit. Ut elit tellus, luctus nec ullamcorper mattis, pulvinar dapibus leo.<\/p>\t\t\t\t\t\t\t\t<\/div>\n\t\t\t\t<\/div>\n\t\t\t\t<div class=\"elementor-element elementor-element-509e516 elementor-position-left elementor-vertical-align-middle elementor-widget elementor-widget-image-box\" data-id=\"509e516\" data-element_type=\"widget\" data-widget_type=\"image-box.default\">\n\t\t\t\t<div class=\"elementor-widget-container\">\n\t\t\t\t\t<div class=\"elementor-image-box-wrapper\"><figure class=\"elementor-image-box-img\"><img decoding=\"async\" width=\"64\" height=\"64\" src=\"https:\/\/regiontourscolombia.com\/wp-content\/uploads\/2023\/11\/traducir.png\" class=\"attachment-full size-full wp-image-2142\" alt=\"\" srcset=\"https:\/\/regiontourscolombia.com\/wp-content\/uploads\/2023\/11\/traducir.png 64w, https:\/\/regiontourscolombia.com\/wp-content\/uploads\/2023\/11\/traducir-12x12.png 12w\" sizes=\"(max-width: 64px) 100vw, 64px\" \/><\/figure><div class=\"elementor-image-box-content\"><h3 class=\"elementor-image-box-title\">Espa\u00f1ol - Ingl\u00e9s<\/h3><\/div><\/div>\t\t\t\t<\/div>\n\t\t\t\t<\/div>\n\t\t\t\t<div class=\"elementor-element elementor-element-d2e4c76 elementor-position-left elementor-vertical-align-middle elementor-widget elementor-widget-image-box\" data-id=\"d2e4c76\" data-element_type=\"widget\" data-widget_type=\"image-box.default\">\n\t\t\t\t<div class=\"elementor-widget-container\">\n\t\t\t\t\t<div class=\"elementor-image-box-wrapper\"><figure class=\"elementor-image-box-img\"><img decoding=\"async\" width=\"64\" height=\"64\" src=\"https:\/\/regiontourscolombia.com\/wp-content\/uploads\/2023\/11\/reloj-circular.png\" class=\"attachment-full size-full wp-image-2145\" alt=\"\" srcset=\"https:\/\/regiontourscolombia.com\/wp-content\/uploads\/2023\/11\/reloj-circular.png 64w, https:\/\/regiontourscolombia.com\/wp-content\/uploads\/2023\/11\/reloj-circular-12x12.png 12w\" sizes=\"(max-width: 64px) 100vw, 64px\" \/><\/figure><div class=\"elementor-image-box-content\"><h3 class=\"elementor-image-box-title\">Guia privado<\/h3><\/div><\/div>\t\t\t\t<\/div>\n\t\t\t\t<\/div>\n\t\t\t\t<div class=\"elementor-element elementor-element-49b6c71 elementor-position-left elementor-vertical-align-middle elementor-widget elementor-widget-image-box\" data-id=\"49b6c71\" data-element_type=\"widget\" data-widget_type=\"image-box.default\">\n\t\t\t\t<div class=\"elementor-widget-container\">\n\t\t\t\t\t<div class=\"elementor-image-box-wrapper\"><figure class=\"elementor-image-box-img\"><img loading=\"lazy\" decoding=\"async\" width=\"64\" height=\"64\" src=\"https:\/\/regiontourscolombia.com\/wp-content\/uploads\/2023\/11\/guia.png\" class=\"attachment-full size-full wp-image-2144\" alt=\"\" srcset=\"https:\/\/regiontourscolombia.com\/wp-content\/uploads\/2023\/11\/guia.png 64w, https:\/\/regiontourscolombia.com\/wp-content\/uploads\/2023\/11\/guia-12x12.png 12w\" sizes=\"(max-width: 64px) 100vw, 64px\" \/><\/figure><div class=\"elementor-image-box-content\"><h3 class=\"elementor-image-box-title\">Guia privado<\/h3><\/div><\/div>\t\t\t\t<\/div>\n\t\t\t\t<\/div>\n\t\t\t\t\t<\/div>\n\t\t<\/div>\n\t\t\t\t<div class=\"elementor-column elementor-col-50 elementor-inner-column elementor-element elementor-element-312a23e\" data-id=\"312a23e\" data-element_type=\"column\">\n\t\t\t<div class=\"elementor-widget-wrap elementor-element-populated\">\n\t\t\t\t\t\t<div class=\"elementor-element elementor-element-0cbbf60 elementor-widget elementor-widget-shortcode\" data-id=\"0cbbf60\" data-element_type=\"widget\" data-widget_type=\"shortcode.default\">\n\t\t\t\t<div class=\"elementor-widget-container\">\n\t\t\t\t\t\t\t<div class=\"elementor-shortcode\"><iframe data-tally-src=\"https:\/\/tally.so\/embed\/3y4Yd0?alignLeft=1&hideTitle=1&transparentBackground=1&dynamicHeight=1\" loading=\"lazy\" width=\"100%\" height=\"540\" frameborder=\"0\" marginheight=\"0\" marginwidth=\"0\" title=\"Customize the experience\"><\/iframe><script>var d=document,w=\"https:\/\/tally.so\/widgets\/embed.js\",v=function(){\"undefined\"!=typeof Tally?Tally.loadEmbeds():d.querySelectorAll(\"iframe[data-tally-src]:not([src])\").forEach((function(e){e.src=e.dataset.tallySrc}))};if(\"undefined\"!=typeof Tally)v();else if(d.querySelector('script[src=\"'+w+'\"]')==null){var s=d.createElement(\"script\");s.src=w,s.onload=v,s.onerror=v,d.body.appendChild(s);}<\/script>\n<\/div>\n\t\t\t\t\t\t<\/div>\n\t\t\t\t<\/div>\n\t\t\t\t\t<\/div>\n\t\t<\/div>\n\t\t\t\t\t<\/div>\n\t\t<\/section>\n\t\t\t\t\t<\/div>\n\t\t<\/div>\n\t\t\t\t\t<\/div>\n\t\t<\/section>\n\t\t\t\t<\/div>","protected":false},"excerpt":{"rendered":"<p>Guianza profesional Lorem fistrum por la gloria de mi madre esse jarl aliqua llevame al sircoo.De la pradera ullamco qu\u00e9 dise usteer est\u00e1 la cosa muy malar. Caracter\u00edsticas Guianza profesional Descripci\u00f3n Lorem fistrum por la gloria de mi madre esse jarl aliqua llevame al sircoo. De la pradera ullamco qu\u00e9 dise usteer est\u00e1 la cosa [&hellip;]<\/p>","protected":false},"author":1,"featured_media":0,"parent":0,"menu_order":0,"comment_status":"closed","ping_status":"closed","template":"elementor_header_footer","meta":{"footnotes":""},"class_list":["post-2123","page","type-page","status-publish","hentry"],"yoast_head":"<!-- This site is optimized with the Yoast SEO plugin v26.7 - https:\/\/yoast.com\/wordpress\/plugins\/seo\/ -->\n<title>Guianza profesional - REGION TOURS<\/title>\n<meta name=\"robots\" content=\"index, follow, max-snippet:-1, max-image-preview:large, max-video-preview:-1\" \/>\n<link rel=\"canonical\" href=\"https:\/\/regiontourscolombia.com\/en\/guianza-profesional\/\" \/>\n<meta property=\"og:locale\" content=\"en_US\" \/>\n<meta property=\"og:type\" content=\"article\" \/>\n<meta property=\"og:title\" content=\"Guianza profesional - REGION TOURS\" \/>\n<meta property=\"og:description\" content=\"Guianza profesional Lorem fistrum por la gloria de mi madre esse jarl aliqua llevame al sircoo.De la pradera ullamco qu\u00e9 dise usteer est\u00e1 la cosa muy malar. Caracter\u00edsticas Guianza profesional Descripci\u00f3n Lorem fistrum por la gloria de mi madre esse jarl aliqua llevame al sircoo. De la pradera ullamco qu\u00e9 dise usteer est\u00e1 la cosa [&hellip;]\" \/>\n<meta property=\"og:url\" content=\"https:\/\/regiontourscolombia.com\/en\/guianza-profesional\/\" \/>\n<meta property=\"og:site_name\" content=\"REGION TOURS\" \/>\n<meta property=\"article:modified_time\" content=\"2023-12-11T20:23:28+00:00\" \/>\n<meta property=\"og:image\" content=\"https:\/\/regiontourscolombia.com\/wp-content\/uploads\/2023\/08\/Group-60.png\" \/>\n<meta name=\"twitter:card\" content=\"summary_large_image\" \/>\n<meta name=\"twitter:label1\" content=\"Est. reading time\" \/>\n\t<meta name=\"twitter:data1\" content=\"2 minutes\" \/>\n<script type=\"application\/ld+json\" class=\"yoast-schema-graph\">{\"@context\":\"https:\/\/schema.org\",\"@graph\":[{\"@type\":\"WebPage\",\"@id\":\"https:\/\/regiontourscolombia.com\/guianza-profesional\/\",\"url\":\"https:\/\/regiontourscolombia.com\/guianza-profesional\/\",\"name\":\"Guianza profesional - REGION TOURS\",\"isPartOf\":{\"@id\":\"https:\/\/regiontourscolombia.com\/#website\"},\"primaryImageOfPage\":{\"@id\":\"https:\/\/regiontourscolombia.com\/guianza-profesional\/#primaryimage\"},\"image\":{\"@id\":\"https:\/\/regiontourscolombia.com\/guianza-profesional\/#primaryimage\"},\"thumbnailUrl\":\"https:\/\/regiontourscolombia.com\/wp-content\/uploads\/2023\/08\/Group-60.png\",\"datePublished\":\"2023-11-28T21:45:08+00:00\",\"dateModified\":\"2023-12-11T20:23:28+00:00\",\"breadcrumb\":{\"@id\":\"https:\/\/regiontourscolombia.com\/guianza-profesional\/#breadcrumb\"},\"inLanguage\":\"en-US\",\"potentialAction\":[{\"@type\":\"ReadAction\",\"target\":[\"https:\/\/regiontourscolombia.com\/guianza-profesional\/\"]}]},{\"@type\":\"ImageObject\",\"inLanguage\":\"en-US\",\"@id\":\"https:\/\/regiontourscolombia.com\/guianza-profesional\/#primaryimage\",\"url\":\"https:\/\/regiontourscolombia.com\/wp-content\/uploads\/2023\/08\/Group-60.png\",\"contentUrl\":\"https:\/\/regiontourscolombia.com\/wp-content\/uploads\/2023\/08\/Group-60.png\"},{\"@type\":\"BreadcrumbList\",\"@id\":\"https:\/\/regiontourscolombia.com\/guianza-profesional\/#breadcrumb\",\"itemListElement\":[{\"@type\":\"ListItem\",\"position\":1,\"name\":\"Inicio\",\"item\":\"https:\/\/regiontourscolombia.com\/\"},{\"@type\":\"ListItem\",\"position\":2,\"name\":\"Guianza profesional\"}]},{\"@type\":\"WebSite\",\"@id\":\"https:\/\/regiontourscolombia.com\/#website\",\"url\":\"https:\/\/regiontourscolombia.com\/\",\"name\":\"REGION TOURS\",\"description\":\"\",\"publisher\":{\"@id\":\"https:\/\/regiontourscolombia.com\/#organization\"},\"potentialAction\":[{\"@type\":\"SearchAction\",\"target\":{\"@type\":\"EntryPoint\",\"urlTemplate\":\"https:\/\/regiontourscolombia.com\/?s={search_term_string}\"},\"query-input\":{\"@type\":\"PropertyValueSpecification\",\"valueRequired\":true,\"valueName\":\"search_term_string\"}}],\"inLanguage\":\"en-US\"},{\"@type\":\"Organization\",\"@id\":\"https:\/\/regiontourscolombia.com\/#organization\",\"name\":\"REGION TOURS\",\"url\":\"https:\/\/regiontourscolombia.com\/\",\"logo\":{\"@type\":\"ImageObject\",\"inLanguage\":\"en-US\",\"@id\":\"https:\/\/regiontourscolombia.com\/#\/schema\/logo\/image\/\",\"url\":\"https:\/\/regiontourscolombia.com\/wp-content\/uploads\/2023\/07\/cropped-logo-Region-tours.png\",\"contentUrl\":\"https:\/\/regiontourscolombia.com\/wp-content\/uploads\/2023\/07\/cropped-logo-Region-tours.png\",\"width\":717,\"height\":613,\"caption\":\"REGION TOURS\"},\"image\":{\"@id\":\"https:\/\/regiontourscolombia.com\/#\/schema\/logo\/image\/\"}}]}<\/script>\n<!-- \/ Yoast SEO plugin. -->","yoast_head_json":{"title":"Guianza profesional - REGION TOURS","robots":{"index":"index","follow":"follow","max-snippet":"max-snippet:-1","max-image-preview":"max-image-preview:large","max-video-preview":"max-video-preview:-1"},"canonical":"https:\/\/regiontourscolombia.com\/en\/guianza-profesional\/","og_locale":"en_US","og_type":"article","og_title":"Guianza profesional - REGION TOURS","og_description":"Guianza profesional Lorem fistrum por la gloria de mi madre esse jarl aliqua llevame al sircoo.De la pradera ullamco qu\u00e9 dise usteer est\u00e1 la cosa muy malar. Caracter\u00edsticas Guianza profesional Descripci\u00f3n Lorem fistrum por la gloria de mi madre esse jarl aliqua llevame al sircoo. De la pradera ullamco qu\u00e9 dise usteer est\u00e1 la cosa [&hellip;]","og_url":"https:\/\/regiontourscolombia.com\/en\/guianza-profesional\/","og_site_name":"REGION TOURS","article_modified_time":"2023-12-11T20:23:28+00:00","og_image":[{"url":"https:\/\/regiontourscolombia.com\/wp-content\/uploads\/2023\/08\/Group-60.png","type":"","width":"","height":""}],"twitter_card":"summary_large_image","twitter_misc":{"Est. reading time":"2 minutes"},"schema":{"@context":"https:\/\/schema.org","@graph":[{"@type":"WebPage","@id":"https:\/\/regiontourscolombia.com\/guianza-profesional\/","url":"https:\/\/regiontourscolombia.com\/guianza-profesional\/","name":"Guianza profesional - REGION TOURS","isPartOf":{"@id":"https:\/\/regiontourscolombia.com\/#website"},"primaryImageOfPage":{"@id":"https:\/\/regiontourscolombia.com\/guianza-profesional\/#primaryimage"},"image":{"@id":"https:\/\/regiontourscolombia.com\/guianza-profesional\/#primaryimage"},"thumbnailUrl":"https:\/\/regiontourscolombia.com\/wp-content\/uploads\/2023\/08\/Group-60.png","datePublished":"2023-11-28T21:45:08+00:00","dateModified":"2023-12-11T20:23:28+00:00","breadcrumb":{"@id":"https:\/\/regiontourscolombia.com\/guianza-profesional\/#breadcrumb"},"inLanguage":"en-US","potentialAction":[{"@type":"ReadAction","target":["https:\/\/regiontourscolombia.com\/guianza-profesional\/"]}]},{"@type":"ImageObject","inLanguage":"en-US","@id":"https:\/\/regiontourscolombia.com\/guianza-profesional\/#primaryimage","url":"https:\/\/regiontourscolombia.com\/wp-content\/uploads\/2023\/08\/Group-60.png","contentUrl":"https:\/\/regiontourscolombia.com\/wp-content\/uploads\/2023\/08\/Group-60.png"},{"@type":"BreadcrumbList","@id":"https:\/\/regiontourscolombia.com\/guianza-profesional\/#breadcrumb","itemListElement":[{"@type":"ListItem","position":1,"name":"Inicio","item":"https:\/\/regiontourscolombia.com\/"},{"@type":"ListItem","position":2,"name":"Guianza profesional"}]},{"@type":"WebSite","@id":"https:\/\/regiontourscolombia.com\/#website","url":"https:\/\/regiontourscolombia.com\/","name":"REGION TOURS","description":"","publisher":{"@id":"https:\/\/regiontourscolombia.com\/#organization"},"potentialAction":[{"@type":"SearchAction","target":{"@type":"EntryPoint","urlTemplate":"https:\/\/regiontourscolombia.com\/?s={search_term_string}"},"query-input":{"@type":"PropertyValueSpecification","valueRequired":true,"valueName":"search_term_string"}}],"inLanguage":"en-US"},{"@type":"Organization","@id":"https:\/\/regiontourscolombia.com\/#organization","name":"REGION TOURS","url":"https:\/\/regiontourscolombia.com\/","logo":{"@type":"ImageObject","inLanguage":"en-US","@id":"https:\/\/regiontourscolombia.com\/#\/schema\/logo\/image\/","url":"https:\/\/regiontourscolombia.com\/wp-content\/uploads\/2023\/07\/cropped-logo-Region-tours.png","contentUrl":"https:\/\/regiontourscolombia.com\/wp-content\/uploads\/2023\/07\/cropped-logo-Region-tours.png","width":717,"height":613,"caption":"REGION TOURS"},"image":{"@id":"https:\/\/regiontourscolombia.com\/#\/schema\/logo\/image\/"}}]}},"_links":{"self":[{"href":"https:\/\/regiontourscolombia.com\/en\/wp-json\/wp\/v2\/pages\/2123","targetHints":{"allow":["GET"]}}],"collection":[{"href":"https:\/\/regiontourscolombia.com\/en\/wp-json\/wp\/v2\/pages"}],"about":[{"href":"https:\/\/regiontourscolombia.com\/en\/wp-json\/wp\/v2\/types\/page"}],"author":[{"embeddable":true,"href":"https:\/\/regiontourscolombia.com\/en\/wp-json\/wp\/v2\/users\/1"}],"replies":[{"embeddable":true,"href":"https:\/\/regiontourscolombia.com\/en\/wp-json\/wp\/v2\/comments?post=2123"}],"version-history":[{"count":26,"href":"https:\/\/regiontourscolombia.com\/en\/wp-json\/wp\/v2\/pages\/2123\/revisions"}],"predecessor-version":[{"id":3614,"href":"https:\/\/regiontourscolombia.com\/en\/wp-json\/wp\/v2\/pages\/2123\/revisions\/3614"}],"wp:attachment":[{"href":"https:\/\/regiontourscolombia.com\/en\/wp-json\/wp\/v2\/media?parent=2123"}],"curies":[{"name":"wp","href":"https:\/\/api.w.org\/{rel}","templated":true}]}}