{"id":2879,"date":"2024-02-15T14:17:21","date_gmt":"2024-02-15T19:17:21","guid":{"rendered":"https:\/\/regiontourscolombia.com\/?post_type=product&#038;p=2879"},"modified":"2024-08-14T15:44:42","modified_gmt":"2024-08-14T20:44:42","slug":"transfer-aeropuerto-cartagena-desde-y-hacia-santa-marta","status":"publish","type":"product","link":"https:\/\/regiontourscolombia.com\/en\/product\/transfer-aeropuerto-cartagena-desde-y-hacia-santa-marta\/","title":{"rendered":"Transfer Aeropuerto Cartagena desde y hacia Santa Marta"},"content":{"rendered":"<div data-elementor-type=\"product-post\" data-elementor-id=\"2879\" class=\"elementor elementor-2879\" data-elementor-post-type=\"product\">\n\t\t\t\t\t\t<section class=\"elementor-section elementor-top-section elementor-element elementor-element-f8714c1 elementor-section-boxed elementor-section-height-default elementor-section-height-default\" data-id=\"f8714c1\" data-element_type=\"section\">\n\t\t\t\t\t\t<div class=\"elementor-container elementor-column-gap-wide\">\n\t\t\t\t\t<div class=\"elementor-column elementor-col-50 elementor-top-column elementor-element elementor-element-1ae1121\" data-id=\"1ae1121\" data-element_type=\"column\">\n\t\t\t<div class=\"elementor-widget-wrap elementor-element-populated\">\n\t\t\t\t\t\t<div class=\"elementor-element elementor-element-692ad71 elementor-widget elementor-widget-heading\" data-id=\"692ad71\" data-element_type=\"widget\" data-widget_type=\"heading.default\">\n\t\t\t\t<div class=\"elementor-widget-container\">\n\t\t\t\t\t<h2 class=\"elementor-heading-title elementor-size-default\">Caracter\u00edsticas<\/h2>\t\t\t\t<\/div>\n\t\t\t\t<\/div>\n\t\t\t\t<section class=\"elementor-section elementor-inner-section elementor-element elementor-element-38edf09 elementor-section-content-middle elementor-section-boxed elementor-section-height-default elementor-section-height-default\" data-id=\"38edf09\" data-element_type=\"section\">\n\t\t\t\t\t\t<div class=\"elementor-container elementor-column-gap-default\">\n\t\t\t\t\t<div class=\"elementor-column elementor-col-50 elementor-inner-column elementor-element elementor-element-67291e6\" data-id=\"67291e6\" data-element_type=\"column\">\n\t\t\t<div class=\"elementor-widget-wrap elementor-element-populated\">\n\t\t\t\t\t\t<div class=\"elementor-element elementor-element-89a0ffa elementor-position-left elementor-vertical-align-middle elementor-widget elementor-widget-image-box\" data-id=\"89a0ffa\" data-element_type=\"widget\" data-widget_type=\"image-box.default\">\n\t\t\t\t<div class=\"elementor-widget-container\">\n\t\t\t\t\t<div class=\"elementor-image-box-wrapper\"><figure class=\"elementor-image-box-img\"><img decoding=\"async\" width=\"128\" height=\"128\" src=\"https:\/\/regiontourscolombia.com\/wp-content\/uploads\/2023\/09\/vista-lateral-del-bus-1.png\" class=\"attachment-full size-full wp-image-1660\" alt=\"\" srcset=\"https:\/\/regiontourscolombia.com\/wp-content\/uploads\/2023\/09\/vista-lateral-del-bus-1.png 128w, https:\/\/regiontourscolombia.com\/wp-content\/uploads\/2023\/09\/vista-lateral-del-bus-1-100x100.png 100w, https:\/\/regiontourscolombia.com\/wp-content\/uploads\/2023\/09\/vista-lateral-del-bus-1-12x12.png 12w\" sizes=\"(max-width: 128px) 100vw, 128px\" \/><\/figure><div class=\"elementor-image-box-content\"><h3 class=\"elementor-image-box-title\">Airports<\/h3><\/div><\/div>\t\t\t\t<\/div>\n\t\t\t\t<\/div>\n\t\t\t\t\t<\/div>\n\t\t<\/div>\n\t\t\t\t<div class=\"elementor-column elementor-col-50 elementor-inner-column elementor-element elementor-element-67ad0f1\" data-id=\"67ad0f1\" data-element_type=\"column\">\n\t\t\t<div class=\"elementor-widget-wrap elementor-element-populated\">\n\t\t\t\t\t\t<div class=\"elementor-element elementor-element-7640293 elementor-position-left elementor-vertical-align-middle elementor-widget elementor-widget-image-box\" data-id=\"7640293\" data-element_type=\"widget\" data-widget_type=\"image-box.default\">\n\t\t\t\t<div class=\"elementor-widget-container\">\n\t\t\t\t\t<div class=\"elementor-image-box-wrapper\"><figure class=\"elementor-image-box-img\"><img decoding=\"async\" width=\"182\" height=\"182\" src=\"https:\/\/regiontourscolombia.com\/wp-content\/uploads\/2023\/11\/duracion.jpg\" class=\"attachment-full size-full wp-image-2167\" alt=\"\" srcset=\"https:\/\/regiontourscolombia.com\/wp-content\/uploads\/2023\/11\/duracion.jpg 182w, https:\/\/regiontourscolombia.com\/wp-content\/uploads\/2023\/11\/duracion-100x100.jpg 100w, https:\/\/regiontourscolombia.com\/wp-content\/uploads\/2023\/11\/duracion-150x150.jpg 150w, https:\/\/regiontourscolombia.com\/wp-content\/uploads\/2023\/11\/duracion-12x12.jpg 12w\" sizes=\"(max-width: 182px) 100vw, 182px\" \/><\/figure><div class=\"elementor-image-box-content\"><h3 class=\"elementor-image-box-title\">4 horas<\/h3><\/div><\/div>\t\t\t\t<\/div>\n\t\t\t\t<\/div>\n\t\t\t\t\t<\/div>\n\t\t<\/div>\n\t\t\t\t\t<\/div>\n\t\t<\/section>\n\t\t\t\t<div class=\"elementor-element elementor-element-4ec86eb elementor-widget elementor-widget-heading\" data-id=\"4ec86eb\" data-element_type=\"widget\" data-widget_type=\"heading.default\">\n\t\t\t\t<div class=\"elementor-widget-container\">\n\t\t\t\t\t<h3 class=\"elementor-heading-title elementor-size-default\">Descripci\u00f3n<\/h3>\t\t\t\t<\/div>\n\t\t\t\t<\/div>\n\t\t\t\t<div class=\"elementor-element elementor-element-65580eb elementor-widget elementor-widget-woocommerce-product-short-description\" data-id=\"65580eb\" data-element_type=\"widget\" data-widget_type=\"woocommerce-product-short-description.default\">\n\t\t\t\t<div class=\"elementor-widget-container\">\n\t\t\t\t\t<div class=\"woocommerce-product-details__short-description\">\n\t<p>Servicio de transporte terrestre en veh\u00edculo privado desde el Aeropuerto Internacional Rafael N\u00fa\u00f1ez en Cartagena hacia tu lugar de alojamiento en la ciudad de Santa Marta, y viceversa.<\/p>\n<p>&nbsp;<\/p>\n<p>Nos encargamos de hacer que tu llegada o despedida sea lo m\u00e1s c\u00f3moda, r\u00e1pida y segura.<\/p>\n<\/div>\n\t\t\t\t<\/div>\n\t\t\t\t<\/div>\n\t\t\t\t\t<\/div>\n\t\t<\/div>\n\t\t\t\t<div class=\"elementor-column elementor-col-50 elementor-top-column elementor-element elementor-element-3009d43\" data-id=\"3009d43\" data-element_type=\"column\">\n\t\t\t<div class=\"elementor-widget-wrap elementor-element-populated\">\n\t\t\t\t\t\t<section class=\"elementor-section elementor-inner-section elementor-element elementor-element-4f8ab43 elementor-section-boxed elementor-section-height-default elementor-section-height-default\" data-id=\"4f8ab43\" data-element_type=\"section\">\n\t\t\t\t\t\t<div class=\"elementor-container elementor-column-gap-default\">\n\t\t\t\t\t<div class=\"elementor-column elementor-col-100 elementor-inner-column elementor-element elementor-element-3298d89\" data-id=\"3298d89\" data-element_type=\"column\">\n\t\t\t<div class=\"elementor-widget-wrap elementor-element-populated\">\n\t\t\t\t\t\t<div class=\"elementor-element elementor-element-0bf280e elementor-product-price-block-yes elementor-widget elementor-widget-woocommerce-product-price\" data-id=\"0bf280e\" data-element_type=\"widget\" data-widget_type=\"woocommerce-product-price.default\">\n\t\t\t\t<div class=\"elementor-widget-container\">\n\t\t\t\t\t<p class=\"price\">From: <span class=\"woocommerce-Price-amount amount\"><bdi><span class=\"woocommerce-Price-currencySymbol\">&#36;<\/span>949,000<\/bdi><\/span><\/p>\n\t\t\t\t<\/div>\n\t\t\t\t<\/div>\n\t\t\t\t<div class=\"elementor-element elementor-element-9437715 elementor-add-to-cart--align-center e-add-to-cart--show-quantity-yes elementor-widget elementor-widget-woocommerce-product-add-to-cart\" data-id=\"9437715\" data-element_type=\"widget\" data-widget_type=\"woocommerce-product-add-to-cart.default\">\n\t\t\t\t<div class=\"elementor-widget-container\">\n\t\t\t\t\t\n\t\t<div class=\"elementor-add-to-cart elementor-product-booking\">\n\t\t\t\n<noscript>Your browser must support JavaScript in order to make a booking.<\/noscript>\n\n<form class=\"cart\" method=\"post\" enctype='multipart\/form-data' data-nonce=\"98c7bf0085\" action=\"\">\n\n\t<div id=\"wc-bookings-booking-form\" class=\"wc-bookings-booking-form\" style=\"display:none\">\n\n\t\t\n\t\t<p class=\"form-field form-field-wide wc_bookings_field_persons\">\n\t<label for=\"wc_bookings_field_persons\">Persons:<\/label>\n\t<input\n\t\ttype=\"number\"\n\t\tvalue=\"1\"\n\t\tstep=\"1\"\n\t\tmin=\"1\"\n\t\tmax=\"20\"\n\t\tname=\"wc_bookings_field_persons\"\n\t\tid=\"wc_bookings_field_persons\"\n\t\t\/> <\/p>\n<fieldset class=\"wc-bookings-date-picker wc-bookings-date-picker-booking wc_bookings_field_start_date\">\n\t<div class=\"picker\" data-display=\"always_visible\" data-duration-unit=\"day\" data-default-availability=\"true\" data-min_date=\"+2d\" data-max_date=\"+12m\" data-default_date=\"2026-04-29\" data-is_range_picker_enabled=\"0\"><\/div>\n\n\t\t<div class=\"wc-bookings-date-picker-date-fields\">\n\t\t\n\t\t\t\t<label>\n\t\t\t<input type=\"text\" autocomplete=\"off\" name=\"wc_bookings_field_start_date_month\" placeholder=\"mm\" size=\"2\" class=\"booking_date_month\" \/>\n\t\t\t<span>Month<\/span>\n\t\t<\/label> \/ <label>\n\t\t\t<input type=\"text\" autocomplete=\"off\" name=\"wc_bookings_field_start_date_day\" placeholder=\"dd\" size=\"2\" class=\"booking_date_day\" \/>\n\t\t\t<span>Day<\/span>\n\t\t<\/label>\n\t\t \/ <label>\n\t\t\t<input type=\"text\" autocomplete=\"off\" value=\"2026\" name=\"wc_bookings_field_start_date_year\" placeholder=\"YYYY\" size=\"4\" class=\"booking_date_year\" \/>\n\t\t\t<span>Year<\/span>\n\t\t<\/label>\n\t<\/div>\n\n\t<\/fieldset>\n\n\t\t<div class=\"wc-bookings-booking-cost price\" style=\"display:none\" data-raw-price=\"\"><\/div>\n\n\t<\/div>\n\n\t\n\t<input type=\"hidden\" name=\"add-to-cart\" value=\"2879\" class=\"wc-booking-product-id\" \/>\n\n\t<button type=\"submit\" class=\"wc-bookings-booking-form-button single_add_to_cart_button button alt disabled\" style=\"display:none\">Book now<\/button>\n\t<input type=\"hidden\" id=\"min_date\" name=\"min_date\" value=\"0\"\/>\n\t<input type=\"hidden\" id=\"max_date\" name=\"max_date\" value=\"0\"\/>\n\t<input type=\"hidden\" id=\"timezone_offset\" name=\"timezone_offset\" value=\"0\"\/>\n\n\n<input type=\"hidden\" name=\"trp-form-language\" value=\"en\"\/><\/form>\n\n\t\t<\/div>\n\n\t\t\t\t\t\t<\/div>\n\t\t\t\t<\/div>\n\t\t\t\t\t<\/div>\n\t\t<\/div>\n\t\t\t\t\t<\/div>\n\t\t<\/section>\n\t\t\t\t\t<\/div>\n\t\t<\/div>\n\t\t\t\t\t<\/div>\n\t\t<\/section>\n\t\t\t\t<section class=\"elementor-section elementor-top-section elementor-element elementor-element-69c9a1e elementor-section-boxed elementor-section-height-default elementor-section-height-default\" data-id=\"69c9a1e\" data-element_type=\"section\">\n\t\t\t\t\t\t<div class=\"elementor-container elementor-column-gap-default\">\n\t\t\t\t\t<div class=\"elementor-column elementor-col-100 elementor-top-column elementor-element elementor-element-592c9f7\" data-id=\"592c9f7\" data-element_type=\"column\">\n\t\t\t<div class=\"elementor-widget-wrap elementor-element-populated\">\n\t\t\t\t\t\t<div class=\"elementor-element elementor-element-b2f7870 elementor-widget elementor-widget-heading\" data-id=\"b2f7870\" data-element_type=\"widget\" data-widget_type=\"heading.default\">\n\t\t\t\t<div class=\"elementor-widget-container\">\n\t\t\t\t\t<h2 class=\"elementor-heading-title elementor-size-default\">Recorrido<\/h2>\t\t\t\t<\/div>\n\t\t\t\t<\/div>\n\t\t\t\t<div class=\"elementor-element elementor-element-3cb2d7a elementor-widget elementor-widget-html\" data-id=\"3cb2d7a\" data-element_type=\"widget\" data-widget_type=\"html.default\">\n\t\t\t\t<div class=\"elementor-widget-container\">\n\t\t\t\t\t<iframe src=\"https:\/\/www.google.com\/maps\/embed?pb=!1m28!1m12!1m3!1d501582.1490527327!2d-75.19629190356763!3d10.841087204568938!2m3!1f0!2f0!3f0!3m2!1i1024!2i768!4f13.1!4m13!3e6!4m5!1s0x8ef4f66ff59a173d%3A0x124b95fc153af9b8!2ssanta%20marta!3m2!1d11.2403547!2d-74.2110227!4m5!1s0x8ef6254312e54b07%3A0x96a76383f1b4c3b1!2sAeropuerto%20Internacional%20Rafael%20N%C3%BA%C3%B1ez%2C%20Cartagena%2C%20Bol%C3%ADvar!3m2!1d10.446315!2d-75.516454!5e0!3m2!1ses!2sco!4v1708976401640!5m2!1ses!2sco\" width=\"600\" height=\"450\" style=\"border:0;\" allowfullscreen=\"\" loading=\"lazy\" referrerpolicy=\"no-referrer-when-downgrade\"><\/iframe>\t\t\t\t<\/div>\n\t\t\t\t<\/div>\n\t\t\t\t\t<\/div>\n\t\t<\/div>\n\t\t\t\t\t<\/div>\n\t\t<\/section>\n\t\t\t\t<\/div>","protected":false},"excerpt":{"rendered":"<p>Servicio de transporte terrestre en veh\u00edculo privado desde el Aeropuerto Internacional Rafael N\u00fa\u00f1ez en Cartagena hacia tu lugar de alojamiento en la ciudad de Santa Marta, y viceversa.<\/p>\n<p>&nbsp;<\/p>\n<p>Nos encargamos de hacer que tu llegada o despedida sea lo m\u00e1s c\u00f3moda, r\u00e1pida y segura.<\/p>","protected":false},"featured_media":2987,"comment_status":"open","ping_status":"closed","template":"","meta":[],"product_brand":[],"product_cat":[29,46,43],"product_tag":[],"class_list":{"0":"post-2879","1":"product","2":"type-product","3":"status-publish","4":"has-post-thumbnail","6":"product_cat-aeropuertos","7":"product_cat-cartagena","8":"product_cat-transfer-aeropuertos","10":"first","11":"instock","12":"sold-individually","13":"shipping-taxable","14":"purchasable","15":"product-type-booking"},"yoast_head":"<!-- This site is optimized with the Yoast SEO plugin v26.7 - https:\/\/yoast.com\/wordpress\/plugins\/seo\/ -->\n<title>Transfer Aeropuerto Cartagena desde y hacia Santa Marta - REGION TOURS<\/title>\n<meta name=\"robots\" content=\"index, follow, max-snippet:-1, max-image-preview:large, max-video-preview:-1\" \/>\n<link rel=\"canonical\" href=\"https:\/\/regiontourscolombia.com\/en\/product\/transfer-aeropuerto-cartagena-desde-y-hacia-santa-marta\/\" \/>\n<meta property=\"og:locale\" content=\"en_US\" \/>\n<meta property=\"og:type\" content=\"article\" \/>\n<meta property=\"og:title\" content=\"Transfer Aeropuerto Cartagena desde y hacia Santa Marta - REGION TOURS\" \/>\n<meta property=\"og:description\" content=\"Servicio de transporte terrestre en veh\u00edculo privado desde el Aeropuerto Internacional Rafael N\u00fa\u00f1ez en Cartagena hacia tu lugar de alojamiento en la ciudad de Santa Marta, y viceversa.  &nbsp;  Nos encargamos de hacer que tu llegada o despedida sea lo m\u00e1s c\u00f3moda, r\u00e1pida y segura.\" \/>\n<meta property=\"og:url\" content=\"https:\/\/regiontourscolombia.com\/en\/product\/transfer-aeropuerto-cartagena-desde-y-hacia-santa-marta\/\" \/>\n<meta property=\"og:site_name\" content=\"REGION TOURS\" \/>\n<meta property=\"article:modified_time\" content=\"2024-08-14T20:44:42+00:00\" \/>\n<meta property=\"og:image\" content=\"https:\/\/regiontourscolombia.com\/wp-content\/uploads\/2023\/11\/4.jpg\" \/>\n\t<meta property=\"og:image:width\" content=\"1920\" \/>\n\t<meta property=\"og:image:height\" content=\"600\" \/>\n\t<meta property=\"og:image:type\" content=\"image\/jpeg\" \/>\n<meta name=\"twitter:card\" content=\"summary_large_image\" \/>\n<meta name=\"twitter:label1\" content=\"Est. reading time\" \/>\n\t<meta name=\"twitter:data1\" content=\"1 minute\" \/>\n<script type=\"application\/ld+json\" class=\"yoast-schema-graph\">{\"@context\":\"https:\/\/schema.org\",\"@graph\":[{\"@type\":\"WebPage\",\"@id\":\"https:\/\/regiontourscolombia.com\/producto\/transfer-aeropuerto-cartagena-desde-y-hacia-santa-marta\/\",\"url\":\"https:\/\/regiontourscolombia.com\/producto\/transfer-aeropuerto-cartagena-desde-y-hacia-santa-marta\/\",\"name\":\"Transfer Aeropuerto Cartagena desde y hacia Santa Marta - REGION TOURS\",\"isPartOf\":{\"@id\":\"https:\/\/regiontourscolombia.com\/#website\"},\"primaryImageOfPage\":{\"@id\":\"https:\/\/regiontourscolombia.com\/producto\/transfer-aeropuerto-cartagena-desde-y-hacia-santa-marta\/#primaryimage\"},\"image\":{\"@id\":\"https:\/\/regiontourscolombia.com\/producto\/transfer-aeropuerto-cartagena-desde-y-hacia-santa-marta\/#primaryimage\"},\"thumbnailUrl\":\"https:\/\/regiontourscolombia.com\/wp-content\/uploads\/2023\/11\/4.jpg\",\"datePublished\":\"2024-02-15T19:17:21+00:00\",\"dateModified\":\"2024-08-14T20:44:42+00:00\",\"breadcrumb\":{\"@id\":\"https:\/\/regiontourscolombia.com\/producto\/transfer-aeropuerto-cartagena-desde-y-hacia-santa-marta\/#breadcrumb\"},\"inLanguage\":\"en-US\",\"potentialAction\":[{\"@type\":\"ReadAction\",\"target\":[\"https:\/\/regiontourscolombia.com\/producto\/transfer-aeropuerto-cartagena-desde-y-hacia-santa-marta\/\"]}]},{\"@type\":\"ImageObject\",\"inLanguage\":\"en-US\",\"@id\":\"https:\/\/regiontourscolombia.com\/producto\/transfer-aeropuerto-cartagena-desde-y-hacia-santa-marta\/#primaryimage\",\"url\":\"https:\/\/regiontourscolombia.com\/wp-content\/uploads\/2023\/11\/4.jpg\",\"contentUrl\":\"https:\/\/regiontourscolombia.com\/wp-content\/uploads\/2023\/11\/4.jpg\",\"width\":1920,\"height\":600},{\"@type\":\"BreadcrumbList\",\"@id\":\"https:\/\/regiontourscolombia.com\/producto\/transfer-aeropuerto-cartagena-desde-y-hacia-santa-marta\/#breadcrumb\",\"itemListElement\":[{\"@type\":\"ListItem\",\"position\":1,\"name\":\"Inicio\",\"item\":\"https:\/\/regiontourscolombia.com\/\"},{\"@type\":\"ListItem\",\"position\":2,\"name\":\"Tours\",\"item\":\"https:\/\/regiontourscolombia.com\/tienda\/\"},{\"@type\":\"ListItem\",\"position\":3,\"name\":\"Transfer Aeropuerto Cartagena desde y hacia Santa Marta\"}]},{\"@type\":\"WebSite\",\"@id\":\"https:\/\/regiontourscolombia.com\/#website\",\"url\":\"https:\/\/regiontourscolombia.com\/\",\"name\":\"REGION TOURS\",\"description\":\"\",\"publisher\":{\"@id\":\"https:\/\/regiontourscolombia.com\/#organization\"},\"potentialAction\":[{\"@type\":\"SearchAction\",\"target\":{\"@type\":\"EntryPoint\",\"urlTemplate\":\"https:\/\/regiontourscolombia.com\/?s={search_term_string}\"},\"query-input\":{\"@type\":\"PropertyValueSpecification\",\"valueRequired\":true,\"valueName\":\"search_term_string\"}}],\"inLanguage\":\"en-US\"},{\"@type\":\"Organization\",\"@id\":\"https:\/\/regiontourscolombia.com\/#organization\",\"name\":\"REGION TOURS\",\"url\":\"https:\/\/regiontourscolombia.com\/\",\"logo\":{\"@type\":\"ImageObject\",\"inLanguage\":\"en-US\",\"@id\":\"https:\/\/regiontourscolombia.com\/#\/schema\/logo\/image\/\",\"url\":\"https:\/\/regiontourscolombia.com\/wp-content\/uploads\/2023\/07\/cropped-logo-Region-tours.png\",\"contentUrl\":\"https:\/\/regiontourscolombia.com\/wp-content\/uploads\/2023\/07\/cropped-logo-Region-tours.png\",\"width\":717,\"height\":613,\"caption\":\"REGION TOURS\"},\"image\":{\"@id\":\"https:\/\/regiontourscolombia.com\/#\/schema\/logo\/image\/\"}}]}<\/script>\n<!-- \/ Yoast SEO plugin. -->","yoast_head_json":{"title":"Transfer Aeropuerto Cartagena desde y hacia Santa Marta - REGION TOURS","robots":{"index":"index","follow":"follow","max-snippet":"max-snippet:-1","max-image-preview":"max-image-preview:large","max-video-preview":"max-video-preview:-1"},"canonical":"https:\/\/regiontourscolombia.com\/en\/product\/transfer-aeropuerto-cartagena-desde-y-hacia-santa-marta\/","og_locale":"en_US","og_type":"article","og_title":"Transfer Aeropuerto Cartagena desde y hacia Santa Marta - REGION TOURS","og_description":"Servicio de transporte terrestre en veh\u00edculo privado desde el Aeropuerto Internacional Rafael N\u00fa\u00f1ez en Cartagena hacia tu lugar de alojamiento en la ciudad de Santa Marta, y viceversa.  &nbsp;  Nos encargamos de hacer que tu llegada o despedida sea lo m\u00e1s c\u00f3moda, r\u00e1pida y segura.","og_url":"https:\/\/regiontourscolombia.com\/en\/product\/transfer-aeropuerto-cartagena-desde-y-hacia-santa-marta\/","og_site_name":"REGION TOURS","article_modified_time":"2024-08-14T20:44:42+00:00","og_image":[{"width":1920,"height":600,"url":"https:\/\/regiontourscolombia.com\/wp-content\/uploads\/2023\/11\/4.jpg","type":"image\/jpeg"}],"twitter_card":"summary_large_image","twitter_misc":{"Est. reading time":"1 minute"},"schema":{"@context":"https:\/\/schema.org","@graph":[{"@type":"WebPage","@id":"https:\/\/regiontourscolombia.com\/producto\/transfer-aeropuerto-cartagena-desde-y-hacia-santa-marta\/","url":"https:\/\/regiontourscolombia.com\/producto\/transfer-aeropuerto-cartagena-desde-y-hacia-santa-marta\/","name":"Transfer Aeropuerto Cartagena desde y hacia Santa Marta - REGION TOURS","isPartOf":{"@id":"https:\/\/regiontourscolombia.com\/#website"},"primaryImageOfPage":{"@id":"https:\/\/regiontourscolombia.com\/producto\/transfer-aeropuerto-cartagena-desde-y-hacia-santa-marta\/#primaryimage"},"image":{"@id":"https:\/\/regiontourscolombia.com\/producto\/transfer-aeropuerto-cartagena-desde-y-hacia-santa-marta\/#primaryimage"},"thumbnailUrl":"https:\/\/regiontourscolombia.com\/wp-content\/uploads\/2023\/11\/4.jpg","datePublished":"2024-02-15T19:17:21+00:00","dateModified":"2024-08-14T20:44:42+00:00","breadcrumb":{"@id":"https:\/\/regiontourscolombia.com\/producto\/transfer-aeropuerto-cartagena-desde-y-hacia-santa-marta\/#breadcrumb"},"inLanguage":"en-US","potentialAction":[{"@type":"ReadAction","target":["https:\/\/regiontourscolombia.com\/producto\/transfer-aeropuerto-cartagena-desde-y-hacia-santa-marta\/"]}]},{"@type":"ImageObject","inLanguage":"en-US","@id":"https:\/\/regiontourscolombia.com\/producto\/transfer-aeropuerto-cartagena-desde-y-hacia-santa-marta\/#primaryimage","url":"https:\/\/regiontourscolombia.com\/wp-content\/uploads\/2023\/11\/4.jpg","contentUrl":"https:\/\/regiontourscolombia.com\/wp-content\/uploads\/2023\/11\/4.jpg","width":1920,"height":600},{"@type":"BreadcrumbList","@id":"https:\/\/regiontourscolombia.com\/producto\/transfer-aeropuerto-cartagena-desde-y-hacia-santa-marta\/#breadcrumb","itemListElement":[{"@type":"ListItem","position":1,"name":"Inicio","item":"https:\/\/regiontourscolombia.com\/"},{"@type":"ListItem","position":2,"name":"Tours","item":"https:\/\/regiontourscolombia.com\/tienda\/"},{"@type":"ListItem","position":3,"name":"Transfer Aeropuerto Cartagena desde y hacia Santa Marta"}]},{"@type":"WebSite","@id":"https:\/\/regiontourscolombia.com\/#website","url":"https:\/\/regiontourscolombia.com\/","name":"REGION TOURS","description":"","publisher":{"@id":"https:\/\/regiontourscolombia.com\/#organization"},"potentialAction":[{"@type":"SearchAction","target":{"@type":"EntryPoint","urlTemplate":"https:\/\/regiontourscolombia.com\/?s={search_term_string}"},"query-input":{"@type":"PropertyValueSpecification","valueRequired":true,"valueName":"search_term_string"}}],"inLanguage":"en-US"},{"@type":"Organization","@id":"https:\/\/regiontourscolombia.com\/#organization","name":"REGION TOURS","url":"https:\/\/regiontourscolombia.com\/","logo":{"@type":"ImageObject","inLanguage":"en-US","@id":"https:\/\/regiontourscolombia.com\/#\/schema\/logo\/image\/","url":"https:\/\/regiontourscolombia.com\/wp-content\/uploads\/2023\/07\/cropped-logo-Region-tours.png","contentUrl":"https:\/\/regiontourscolombia.com\/wp-content\/uploads\/2023\/07\/cropped-logo-Region-tours.png","width":717,"height":613,"caption":"REGION TOURS"},"image":{"@id":"https:\/\/regiontourscolombia.com\/#\/schema\/logo\/image\/"}}]}},"tiered_pricing_type":"fixed","tiered_pricing_fixed_rules":{"5":350000,"11":340000,"16":330000},"tiered_pricing_product_settings":{"layout":"default","base_unit_name":{"singular":null,"plural":null},"default_variation":null},"tiered_pricing_minimum_quantity":null,"tiered_pricing_roles_data":[],"tiered_pricing_percentage_rules":[],"_links":{"self":[{"href":"https:\/\/regiontourscolombia.com\/en\/wp-json\/wp\/v2\/product\/2879","targetHints":{"allow":["GET"]}}],"collection":[{"href":"https:\/\/regiontourscolombia.com\/en\/wp-json\/wp\/v2\/product"}],"about":[{"href":"https:\/\/regiontourscolombia.com\/en\/wp-json\/wp\/v2\/types\/product"}],"replies":[{"embeddable":true,"href":"https:\/\/regiontourscolombia.com\/en\/wp-json\/wp\/v2\/comments?post=2879"}],"version-history":[{"count":19,"href":"https:\/\/regiontourscolombia.com\/en\/wp-json\/wp\/v2\/product\/2879\/revisions"}],"predecessor-version":[{"id":3250,"href":"https:\/\/regiontourscolombia.com\/en\/wp-json\/wp\/v2\/product\/2879\/revisions\/3250"}],"wp:featuredmedia":[{"embeddable":true,"href":"https:\/\/regiontourscolombia.com\/en\/wp-json\/wp\/v2\/media\/2987"}],"wp:attachment":[{"href":"https:\/\/regiontourscolombia.com\/en\/wp-json\/wp\/v2\/media?parent=2879"}],"wp:term":[{"taxonomy":"product_brand","embeddable":true,"href":"https:\/\/regiontourscolombia.com\/en\/wp-json\/wp\/v2\/product_brand?post=2879"},{"taxonomy":"product_cat","embeddable":true,"href":"https:\/\/regiontourscolombia.com\/en\/wp-json\/wp\/v2\/product_cat?post=2879"},{"taxonomy":"product_tag","embeddable":true,"href":"https:\/\/regiontourscolombia.com\/en\/wp-json\/wp\/v2\/product_tag?post=2879"}],"curies":[{"name":"wp","href":"https:\/\/api.w.org\/{rel}","templated":true}]}}